{"id":12,"date":"2024-01-20T02:40:53","date_gmt":"2024-01-20T02:40:53","guid":{"rendered":"https:\/\/hxs.zsr.temporary.site\/?page_id=12"},"modified":"2024-07-06T17:18:24","modified_gmt":"2024-07-06T21:18:24","slug":"about","status":"publish","type":"page","link":"https:\/\/hasaluminium.com\/fr\/about\/","title":{"rendered":"\u00c0 propos"},"content":{"rendered":"<div class=\"wp-block-cover alignfull is-light\" style=\"margin-top:0;margin-bottom:0;min-height:581px;aspect-ratio:unset;\"><span aria-hidden=\"true\" class=\"wp-block-cover__background has-background-dim-20 has-background-dim\" style=\"background-color:#e4e1e1\"><\/span><img loading=\"lazy\" decoding=\"async\" width=\"750\" height=\"444\" class=\"wp-block-cover__image-background wp-image-401\" alt=\"\" src=\"https:\/\/hasaluminium.com\/wp-content\/uploads\/2024\/02\/HAS-About-Page.jpg\" data-object-fit=\"cover\" srcset=\"https:\/\/hasaluminium.com\/wp-content\/uploads\/2024\/02\/HAS-About-Page.jpg 750w, https:\/\/hasaluminium.com\/wp-content\/uploads\/2024\/02\/HAS-About-Page-300x178.jpg 300w, https:\/\/hasaluminium.com\/wp-content\/uploads\/2024\/02\/HAS-About-Page-18x12.jpg 18w\" sizes=\"auto, (max-width: 750px) 100vw, 750px\" \/><div class=\"wp-block-cover__inner-container has-global-padding is-layout-constrained wp-container-core-cover-is-layout-6e824401 wp-block-cover-is-layout-constrained\">\n<div style=\"height:0px\" aria-hidden=\"true\" class=\"wp-block-spacer\"><\/div>\n\n\n\n<div class=\"wp-block-columns is-layout-flex wp-container-core-columns-is-layout-28f84493 wp-block-columns-is-layout-flex\">\n<div class=\"wp-block-column is-layout-flow wp-block-column-is-layout-flow\" style=\"flex-basis:1000px\">\n<h1 class=\"wp-block-heading has-text-align-left has-text-color\" style=\"color:#ffffff;font-size:clamp(35.2px, 2.2rem + ((1vw - 3.2px) * 3.273), 64px);font-style:normal;font-weight:600\"><strong>Artisanat d'Excellence.<\/strong><\/h1>\n<\/div>\n\n\n\n<div class=\"wp-block-column is-layout-flow wp-block-column-is-layout-flow\"><\/div>\n<\/div>\n<\/div><\/div>\n\n\n\n<div class=\"wp-block-cover alignfull is-light\" style=\"margin-top:0;margin-bottom:0;padding-top:120px;padding-bottom:120px\"><span aria-hidden=\"true\" class=\"wp-block-cover__background has-custom-color-3-background-color has-background-dim-0 has-background-dim\"><\/span><div class=\"wp-block-cover__inner-container has-global-padding is-layout-constrained wp-container-core-cover-is-layout-3d678ac5 wp-block-cover-is-layout-constrained\">\n<div class=\"wp-block-columns is-layout-flex wp-container-core-columns-is-layout-28f84493 wp-block-columns-is-layout-flex\">\n<div class=\"wp-block-column is-layout-flow wp-block-column-is-layout-flow\" style=\"flex-basis:60%\">\n<h3 class=\"wp-block-heading has-text-color\" style=\"color:#000000;margin-bottom:60px;font-size:clamp(22.041px, 1.378rem + ((1vw - 3.2px) * 1.586), 36px);font-style:normal;font-weight:400;line-height:1.5\">Nos chefs-d'\u0153uvre : Fen\u00eatres et portes con\u00e7ues sp\u00e9cialement pour vous!<\/h3>\n<\/div>\n\n\n\n<div class=\"wp-block-column is-layout-flow wp-block-column-is-layout-flow\" style=\"flex-basis:33.33%\"><\/div>\n<\/div>\n\n\n\n<div class=\"wp-block-columns is-layout-flex wp-container-core-columns-is-layout-28f84493 wp-block-columns-is-layout-flex\">\n<div class=\"wp-block-column has-custom-color-2-color has-text-color has-global-padding is-content-justification-left is-layout-constrained wp-container-core-column-is-layout-12dd3699 wp-block-column-is-layout-constrained\" style=\"flex-basis:200px\">\n<hr class=\"wp-block-separator has-text-color has-contrast-color has-alpha-channel-opacity has-contrast-background-color has-background\"\/>\n<\/div>\n\n\n\n<div class=\"wp-block-column is-layout-flow wp-block-column-is-layout-flow\" style=\"flex-basis:36%\">\n<p class=\"has-text-color\" style=\"color:#737373;font-size:clamp(14px, 0.875rem + ((1vw - 3.2px) * 0.227), 16px);font-style:normal;font-weight:500;letter-spacing:1px;line-height:1;text-transform:uppercase\">Fabrication sur mesure de fen\u00eatres et de portes<\/p>\n\n\n\n<p class=\"has-text-color\" style=\"color:#737373;font-size:clamp(14px, 0.875rem + ((1vw - 3.2px) * 0.227), 16px);font-style:normal;font-weight:500;letter-spacing:1px;line-height:1;text-transform:uppercase\">Fabrication et installation de cadres<\/p>\n\n\n\n<p class=\"has-text-color\" style=\"color:#737373;font-size:clamp(14px, 0.875rem + ((1vw - 3.2px) * 0.227), 16px);font-style:normal;font-weight:500;letter-spacing:1px;line-height:1;text-transform:uppercase\">Syst\u00e8mes de Mur-rideau<\/p>\n\n\n\n<p class=\"has-text-color\" style=\"color:#737373;font-size:clamp(14px, 0.875rem + ((1vw - 3.2px) * 0.227), 16px);font-style:normal;font-weight:500;letter-spacing:1px;line-height:1;text-transform:uppercase\">Constructions de Solarium<\/p>\n\n\n\n<p class=\"has-text-color\" style=\"color:#737373;font-size:clamp(14px, 0.875rem + ((1vw - 3.2px) * 0.227), 16px);font-style:normal;font-weight:500;letter-spacing:1px;line-height:1;text-transform:uppercase\">Installations de Devanture de Magasin<\/p>\n\n\n\n<p class=\"has-text-color\" style=\"color:#737373;font-size:clamp(14px, 0.875rem + ((1vw - 3.2px) * 0.227), 16px);font-style:normal;font-weight:500;letter-spacing:1px;line-height:1;text-transform:uppercase\">R\u00e9parations de moustiquaires et de vitres<\/p>\n<\/div>\n\n\n\n<div class=\"wp-block-column is-layout-flow wp-block-column-is-layout-flow\" style=\"flex-basis:36%\">\n<p class=\"has-text-color has-link-color wp-elements-b6a8ed4b7f9f3cd131df40af88001cd1\" style=\"color:#000000;font-size:clamp(14px, 0.875rem + ((1vw - 3.2px) * 0.455), 18px);\">At H.A.S. our team brings your vision to life with precision and passion. Our skilled team crafts each window and door to perfection, tailoring to your unique style and needs. From the grandeur of curtain wall frames to the cozy charm of solariums, we ensure excellence in every detail, for installations that stand the test of time.<\/p>\n<\/div>\n<\/div>\n<\/div><\/div>\n\n\n\n<div class=\"wp-block-cover alignfull is-light\" style=\"margin-top:0;margin-bottom:0;padding-top:120px;padding-bottom:120px\"><span aria-hidden=\"true\" class=\"wp-block-cover__background has-custom-color-3-background-color has-background-dim-0 has-background-dim\"><\/span><div class=\"wp-block-cover__inner-container has-global-padding is-layout-constrained wp-container-core-cover-is-layout-3d678ac5 wp-block-cover-is-layout-constrained\">\n<div class=\"wp-block-columns is-layout-flex wp-container-core-columns-is-layout-28f84493 wp-block-columns-is-layout-flex\">\n<div class=\"wp-block-column is-layout-flow wp-block-column-is-layout-flow\" style=\"flex-basis:60%\">\n<h4 class=\"wp-block-heading has-text-color\" style=\"color:#000000;margin-bottom:60px;font-size:clamp(18.959px, 1.185rem + ((1vw - 3.2px) * 1.255), 30px);line-height:1.4\">Pourquoi Choisir H.A.S ? Un Savoir-faire Exceptionnel Associ\u00e9 \u00e0 un Service Personnalis\u00e9<\/h4>\n<\/div>\n\n\n\n<div class=\"wp-block-column is-layout-flow wp-block-column-is-layout-flow\" style=\"flex-basis:33.33%\"><\/div>\n<\/div>\n\n\n\n<div class=\"wp-block-columns is-layout-flex wp-container-core-columns-is-layout-9c22b1e3 wp-block-columns-is-layout-flex\">\n<div class=\"wp-block-column has-custom-color-2-color has-text-color has-global-padding is-content-justification-left is-layout-constrained wp-container-core-column-is-layout-12dd3699 wp-block-column-is-layout-constrained\" style=\"flex-basis:180px\">\n<hr class=\"wp-block-separator has-alpha-channel-opacity\"\/>\n<\/div>\n\n\n\n<div class=\"wp-block-column is-layout-flow wp-block-column-is-layout-flow\" style=\"padding-right:50px;flex-basis:39%\">\n<p class=\"has-text-color\" style=\"color:#737373;font-size:clamp(14px, 0.875rem + ((1vw - 3.2px) * 0.227), 16px);font-style:normal;font-weight:500;letter-spacing:1px;line-height:1;text-transform:uppercase\">Plus de 50 Ans d'Expertise\nB\u00e2tissant la Confiance depuis 1972<\/p>\n\n\n\n<p class=\"has-text-color\" style=\"color:#737373;font-size:clamp(14px, 0.875rem + ((1vw - 3.2px) * 0.227), 16px);font-style:normal;font-weight:500;letter-spacing:1px;line-height:1;text-transform:uppercase\">Cr\u00e9ations sur Mesure Adapt\u00e9es \u00e0 Votre Vision<\/p>\n\n\n\n<p class=\"has-text-color\" style=\"color:#737373;font-size:clamp(14px, 0.875rem + ((1vw - 3.2px) * 0.227), 16px);font-style:normal;font-weight:500;letter-spacing:1px;line-height:1;text-transform:uppercase\">Consultation Personnalis\u00e9e pour vos Besoins, notre Priorit\u00e9<\/p>\n\n\n\n<p class=\"has-text-color\" style=\"color:#737373;font-size:clamp(14px, 0.875rem + ((1vw - 3.2px) * 0.227), 16px);font-style:normal;font-weight:500;letter-spacing:1px;line-height:1;text-transform:uppercase\"><\/p>\n<\/div>\n\n\n\n<div class=\"wp-block-column is-layout-flow wp-block-column-is-layout-flow\" style=\"padding-right:0px;flex-basis:36%\">\n<p class=\"has-text-color\" style=\"color:#737373;font-size:clamp(14px, 0.875rem + ((1vw - 3.2px) * 0.227), 16px);font-style:normal;font-weight:500;letter-spacing:1px;line-height:1;text-transform:uppercase\">Mat\u00e9riaux de Haute Qualit\u00e9. La Durabilit\u00e9 rencontre le Design<\/p>\n\n\n\n<p class=\"has-text-color\" style=\"color:#737373;font-size:clamp(14px, 0.875rem + ((1vw - 3.2px) * 0.227), 16px);font-style:normal;font-weight:500;letter-spacing:1px;line-height:1;text-transform:uppercase\">Installations Efficaces dans les D\u00e9lais Impartis<\/p>\n\n\n\n<p><\/p>\n<\/div>\n<\/div>\n<\/div><\/div>\n\n\n\n<div class=\"wp-block-cover alignfull\" style=\"margin-top:0px;margin-bottom:0px;padding-top:150px;padding-bottom:150px;aspect-ratio:unset;\"><span aria-hidden=\"true\" class=\"wp-block-cover__background has-black-background-color has-background-dim-60 has-background-dim\"><\/span><img decoding=\"async\" class=\"wp-block-cover__image-background wp-image-1499\" alt=\"\" src=\"https:\/\/tyler.com\/wp-content\/uploads\/2023\/10\/Marble-Home-5th-cover-image.jpeg\" data-object-fit=\"cover\"\/><div class=\"wp-block-cover__inner-container has-global-padding is-layout-constrained wp-container-core-cover-is-layout-fbb1768e wp-block-cover-is-layout-constrained\">\n<h2 class=\"wp-block-heading has-text-align-center has-text-color\" style=\"color:#ffffff;margin-top:0;font-size:clamp(33.419px, 2.089rem + ((1vw - 3.2px) * 3.021), 60px);font-style:normal;font-weight:400;line-height:1\">Entrez en Contact avec les Experts!<\/h2>\n\n\n\n<div class=\"wp-block-group has-global-padding is-layout-constrained wp-container-core-group-is-layout-bea02a06 wp-block-group-is-layout-constrained\">\n<p class=\"has-text-align-center has-text-color\" style=\"color:#ffffff;margin-top:32px;font-size:clamp(14px, 0.875rem + ((1vw - 3.2px) * 0.682), 20px);line-height:1.5\">Pr\u00eat \u00e0 transformer votre espace ? Contactez-nous et commen\u00e7ons \u00e0 cr\u00e9er aujourd'hui vos fen\u00eatres et portes de r\u00eave!<\/p>\n<\/div>\n\n\n\n<div class=\"wp-block-buttons is-content-justification-center is-layout-flex wp-container-core-buttons-is-layout-b72de6f7 wp-block-buttons-is-layout-flex\" style=\"margin-top:40px;margin-bottom:0px\">\n<div class=\"wp-block-button has-custom-font-size is-style-fill\" style=\"font-size:clamp(14px, 0.875rem + ((1vw - 3.2px) * 0.455), 18px);font-style:normal;font-weight:500;text-transform:uppercase\"><a class=\"wp-block-button__link has-text-color has-background has-border-color wp-element-button\" href=\"https:\/\/hasaluminium.com\/fr\/contact\/\" style=\"border-color:#345c0091;border-width:1px;border-radius:0px;color:#000000;background-color:#fecc52;padding-top:10px;padding-right:30px;padding-bottom:10px;padding-left:30px\">Commencez Maintenant<\/a><\/div>\n<\/div>\n<\/div><\/div>","protected":false},"excerpt":{"rendered":"","protected":false},"author":2,"featured_media":0,"parent":0,"menu_order":0,"comment_status":"closed","ping_status":"closed","template":"","meta":{"footnotes":""},"class_list":["post-12","page","type-page","status-publish","hentry"],"yoast_head":"<!-- This site is optimized with the Yoast SEO plugin v27.5 - https:\/\/yoast.com\/product\/yoast-seo-wordpress\/ -->\n<title>H.A.S. Aluminium | Site Officiel<\/title>\n<meta name=\"description\" content=\"At HAS Aluminium, we&#039;re dedicated specialists in the art of crafting doors and windows. Delve deeper into our portfolio to our projects.\" \/>\n<meta name=\"robots\" content=\"index, follow, max-snippet:-1, max-image-preview:large, max-video-preview:-1\" \/>\n<link rel=\"canonical\" href=\"https:\/\/hasaluminium.com\/fr\/about\/\" \/>\n<meta property=\"og:locale\" content=\"fr_FR\" \/>\n<meta property=\"og:type\" content=\"article\" \/>\n<meta property=\"og:title\" content=\"H.A.S. Aluminium | Site Officiel\" \/>\n<meta property=\"og:description\" content=\"At HAS Aluminium, we&#039;re dedicated specialists in the art of crafting doors and windows. Delve deeper into our portfolio to our projects.\" \/>\n<meta property=\"og:url\" content=\"https:\/\/hasaluminium.com\/fr\/about\/\" \/>\n<meta property=\"og:site_name\" content=\"Aluminium et Vitrerie H.A.S. lt\u00e9e\" \/>\n<meta property=\"article:modified_time\" content=\"2024-07-06T21:18:24+00:00\" \/>\n<meta property=\"og:image\" content=\"https:\/\/hasaluminium.com\/wp-content\/uploads\/2024\/02\/HAS-About-Page.jpg\" \/>\n<meta name=\"twitter:card\" content=\"summary_large_image\" \/>\n<script type=\"application\/ld+json\" class=\"yoast-schema-graph\">{\"@context\":\"https:\\\/\\\/schema.org\",\"@graph\":[{\"@type\":\"WebPage\",\"@id\":\"https:\\\/\\\/hasaluminium.com\\\/about\\\/\",\"url\":\"https:\\\/\\\/hasaluminium.com\\\/about\\\/\",\"name\":\"H.A.S. Aluminium | Site Officiel\",\"isPartOf\":{\"@id\":\"https:\\\/\\\/hasaluminium.com\\\/#website\"},\"primaryImageOfPage\":{\"@id\":\"https:\\\/\\\/hasaluminium.com\\\/about\\\/#primaryimage\"},\"image\":{\"@id\":\"https:\\\/\\\/hasaluminium.com\\\/about\\\/#primaryimage\"},\"thumbnailUrl\":\"https:\\\/\\\/hasaluminium.com\\\/wp-content\\\/uploads\\\/2024\\\/02\\\/HAS-About-Page.jpg\",\"datePublished\":\"2024-01-20T02:40:53+00:00\",\"dateModified\":\"2024-07-06T21:18:24+00:00\",\"description\":\"At HAS Aluminium, we're dedicated specialists in the art of crafting doors and windows. Delve deeper into our portfolio to our projects.\",\"breadcrumb\":{\"@id\":\"https:\\\/\\\/hasaluminium.com\\\/about\\\/#breadcrumb\"},\"inLanguage\":\"fr-FR\",\"potentialAction\":[{\"@type\":\"ReadAction\",\"target\":[\"https:\\\/\\\/hasaluminium.com\\\/about\\\/\"]}]},{\"@type\":\"ImageObject\",\"inLanguage\":\"fr-FR\",\"@id\":\"https:\\\/\\\/hasaluminium.com\\\/about\\\/#primaryimage\",\"url\":\"https:\\\/\\\/hasaluminium.com\\\/wp-content\\\/uploads\\\/2024\\\/02\\\/HAS-About-Page.jpg\",\"contentUrl\":\"https:\\\/\\\/hasaluminium.com\\\/wp-content\\\/uploads\\\/2024\\\/02\\\/HAS-About-Page.jpg\"},{\"@type\":\"BreadcrumbList\",\"@id\":\"https:\\\/\\\/hasaluminium.com\\\/about\\\/#breadcrumb\",\"itemListElement\":[{\"@type\":\"ListItem\",\"position\":1,\"name\":\"Home\",\"item\":\"https:\\\/\\\/hasaluminium.com\\\/\"},{\"@type\":\"ListItem\",\"position\":2,\"name\":\"About\"}]},{\"@type\":\"WebSite\",\"@id\":\"https:\\\/\\\/hasaluminium.com\\\/#website\",\"url\":\"https:\\\/\\\/hasaluminium.com\\\/\",\"name\":\"Aluminium et Vitrerie H.A.S. LT\u00c9E\",\"description\":\"Doors and windows\",\"publisher\":{\"@id\":\"https:\\\/\\\/hasaluminium.com\\\/#organization\"},\"potentialAction\":[{\"@type\":\"SearchAction\",\"target\":{\"@type\":\"EntryPoint\",\"urlTemplate\":\"https:\\\/\\\/hasaluminium.com\\\/?s={search_term_string}\"},\"query-input\":{\"@type\":\"PropertyValueSpecification\",\"valueRequired\":true,\"valueName\":\"search_term_string\"}}],\"inLanguage\":\"fr-FR\"},{\"@type\":\"Organization\",\"@id\":\"https:\\\/\\\/hasaluminium.com\\\/#organization\",\"name\":\"Aluminium et Vitrerie H.A.S. LT\u00c9E\",\"url\":\"https:\\\/\\\/hasaluminium.com\\\/\",\"logo\":{\"@type\":\"ImageObject\",\"inLanguage\":\"fr-FR\",\"@id\":\"https:\\\/\\\/hasaluminium.com\\\/#\\\/schema\\\/logo\\\/image\\\/\",\"url\":\"https:\\\/\\\/hasaluminium.com\\\/wp-content\\\/uploads\\\/2024\\\/01\\\/new.png\",\"contentUrl\":\"https:\\\/\\\/hasaluminium.com\\\/wp-content\\\/uploads\\\/2024\\\/01\\\/new.png\",\"width\":2712,\"height\":195,\"caption\":\"Aluminium et Vitrerie H.A.S. LT\u00c9E\"},\"image\":{\"@id\":\"https:\\\/\\\/hasaluminium.com\\\/#\\\/schema\\\/logo\\\/image\\\/\"}}]}<\/script>\n<!-- \/ Yoast SEO plugin. -->","yoast_head_json":{"title":"H.A.S. Aluminium | Site Officiel","description":"At HAS Aluminium, we're dedicated specialists in the art of crafting doors and windows. Delve deeper into our portfolio to our projects.","robots":{"index":"index","follow":"follow","max-snippet":"max-snippet:-1","max-image-preview":"max-image-preview:large","max-video-preview":"max-video-preview:-1"},"canonical":"https:\/\/hasaluminium.com\/fr\/about\/","og_locale":"fr_FR","og_type":"article","og_title":"H.A.S. Aluminium | Site Officiel","og_description":"At HAS Aluminium, we're dedicated specialists in the art of crafting doors and windows. Delve deeper into our portfolio to our projects.","og_url":"https:\/\/hasaluminium.com\/fr\/about\/","og_site_name":"Aluminium et Vitrerie H.A.S. lt\u00e9e","article_modified_time":"2024-07-06T21:18:24+00:00","og_image":[{"url":"https:\/\/hasaluminium.com\/wp-content\/uploads\/2024\/02\/HAS-About-Page.jpg","type":"","width":"","height":""}],"twitter_card":"summary_large_image","schema":{"@context":"https:\/\/schema.org","@graph":[{"@type":"WebPage","@id":"https:\/\/hasaluminium.com\/about\/","url":"https:\/\/hasaluminium.com\/about\/","name":"H.A.S. Aluminium | Site Officiel","isPartOf":{"@id":"https:\/\/hasaluminium.com\/#website"},"primaryImageOfPage":{"@id":"https:\/\/hasaluminium.com\/about\/#primaryimage"},"image":{"@id":"https:\/\/hasaluminium.com\/about\/#primaryimage"},"thumbnailUrl":"https:\/\/hasaluminium.com\/wp-content\/uploads\/2024\/02\/HAS-About-Page.jpg","datePublished":"2024-01-20T02:40:53+00:00","dateModified":"2024-07-06T21:18:24+00:00","description":"At HAS Aluminium, we're dedicated specialists in the art of crafting doors and windows. Delve deeper into our portfolio to our projects.","breadcrumb":{"@id":"https:\/\/hasaluminium.com\/about\/#breadcrumb"},"inLanguage":"fr-FR","potentialAction":[{"@type":"ReadAction","target":["https:\/\/hasaluminium.com\/about\/"]}]},{"@type":"ImageObject","inLanguage":"fr-FR","@id":"https:\/\/hasaluminium.com\/about\/#primaryimage","url":"https:\/\/hasaluminium.com\/wp-content\/uploads\/2024\/02\/HAS-About-Page.jpg","contentUrl":"https:\/\/hasaluminium.com\/wp-content\/uploads\/2024\/02\/HAS-About-Page.jpg"},{"@type":"BreadcrumbList","@id":"https:\/\/hasaluminium.com\/about\/#breadcrumb","itemListElement":[{"@type":"ListItem","position":1,"name":"Home","item":"https:\/\/hasaluminium.com\/"},{"@type":"ListItem","position":2,"name":"About"}]},{"@type":"WebSite","@id":"https:\/\/hasaluminium.com\/#website","url":"https:\/\/hasaluminium.com\/","name":"Aluminium et Vitrerie H.A.S. LT\u00c9E","description":"Doors and windows","publisher":{"@id":"https:\/\/hasaluminium.com\/#organization"},"potentialAction":[{"@type":"SearchAction","target":{"@type":"EntryPoint","urlTemplate":"https:\/\/hasaluminium.com\/?s={search_term_string}"},"query-input":{"@type":"PropertyValueSpecification","valueRequired":true,"valueName":"search_term_string"}}],"inLanguage":"fr-FR"},{"@type":"Organization","@id":"https:\/\/hasaluminium.com\/#organization","name":"Aluminium et Vitrerie H.A.S. LT\u00c9E","url":"https:\/\/hasaluminium.com\/","logo":{"@type":"ImageObject","inLanguage":"fr-FR","@id":"https:\/\/hasaluminium.com\/#\/schema\/logo\/image\/","url":"https:\/\/hasaluminium.com\/wp-content\/uploads\/2024\/01\/new.png","contentUrl":"https:\/\/hasaluminium.com\/wp-content\/uploads\/2024\/01\/new.png","width":2712,"height":195,"caption":"Aluminium et Vitrerie H.A.S. LT\u00c9E"},"image":{"@id":"https:\/\/hasaluminium.com\/#\/schema\/logo\/image\/"}}]}},"_links":{"self":[{"href":"https:\/\/hasaluminium.com\/fr\/wp-json\/wp\/v2\/pages\/12","targetHints":{"allow":["GET"]}}],"collection":[{"href":"https:\/\/hasaluminium.com\/fr\/wp-json\/wp\/v2\/pages"}],"about":[{"href":"https:\/\/hasaluminium.com\/fr\/wp-json\/wp\/v2\/types\/page"}],"author":[{"embeddable":true,"href":"https:\/\/hasaluminium.com\/fr\/wp-json\/wp\/v2\/users\/2"}],"replies":[{"embeddable":true,"href":"https:\/\/hasaluminium.com\/fr\/wp-json\/wp\/v2\/comments?post=12"}],"version-history":[{"count":20,"href":"https:\/\/hasaluminium.com\/fr\/wp-json\/wp\/v2\/pages\/12\/revisions"}],"predecessor-version":[{"id":446,"href":"https:\/\/hasaluminium.com\/fr\/wp-json\/wp\/v2\/pages\/12\/revisions\/446"}],"wp:attachment":[{"href":"https:\/\/hasaluminium.com\/fr\/wp-json\/wp\/v2\/media?parent=12"}],"curies":[{"name":"wp","href":"https:\/\/api.w.org\/{rel}","templated":true}]}}